{"id":1851,"date":"2017-06-08T11:06:48","date_gmt":"2017-06-08T09:06:48","guid":{"rendered":"https:\/\/accountingservicesinspain.com\/homepage\/"},"modified":"2025-12-09T13:48:06","modified_gmt":"2025-12-09T12:48:06","slug":"homepage","status":"publish","type":"page","link":"https:\/\/accountingservicesinspain.com\/en\/","title":{"rendered":"Homepage"},"content":{"rendered":"<div data-post-id=\"1856\" class=\"insert-page insert-page-1856 \"><p>Gestor\u00eda Ram\u00f3n Santaf\u00e9, S.L. is a beneficiary of the <strong>European Regional Development Fund<\/strong>, which aims to improve the competitiveness of SMEs and launched an Internationalization Plan to improve its competitive position abroad in 2020. This can be done with the support of the XPANDE Program of the Valencian Chamber of Commerce. The goal is to transfer knowledge to small and large companies abroad by offering our services.<\/p>\t\t\n\t\t\t\t\t\t\t\t<figure><img decoding=\"async\" src=\"https:\/\/accountingservicesinspain.com\/wp-content\/uploads\/2019\/01\/Camara.png\" alt=\"Camara\" \/><\/figure><figure><img decoding=\"async\" src=\"https:\/\/accountingservicesinspain.com\/wp-content\/uploads\/2019\/01\/camara_valencia.png\" alt=\"camara_valencia\" \/><\/figure><figure><img decoding=\"async\" src=\"https:\/\/accountingservicesinspain.com\/wp-content\/uploads\/2019\/01\/Logotipo-UE.png\" alt=\"Logotipo-UE\" \/><\/figure><figure><img decoding=\"async\" src=\"https:\/\/accountingservicesinspain.com\/wp-content\/uploads\/2019\/01\/XpandeDigital.png\" alt=\"XpandeDigital\" \/><\/figure>\t\t\t\n\t\t\t\t\t\t\t\t\t\t\t\tPrevious\n\t\t\t\t\t\t\t\t\t\t\t\tNext\n\t\t<img fetchpriority=\"high\" fetchpriority=\"high\" decoding=\"async\" src=\"http:\/\/accountingservicesinspain.com\/wp-content\/uploads\/2019\/01\/IVACE.png\" alt=\"\" width=\"500\" height=\"200\" \/><\/div>\n\n\n\n<p><\/p>\n","protected":false},"excerpt":{"rendered":"","protected":false},"author":5,"featured_media":0,"parent":0,"menu_order":0,"comment_status":"closed","ping_status":"closed","template":"template-home.php","meta":{"footnotes":""},"class_list":["post-1851","page","type-page","status-publish","hentry"],"yoast_head":"<!-- This site is optimized with the Yoast SEO plugin v27.1.1 - https:\/\/yoast.com\/product\/yoast-seo-wordpress\/ -->\n<title>Abrir un Negocio en Espa\u00f1a | Gestoria Ramon Santafe<\/title>\n<meta name=\"description\" content=\"Ofrecemos asesor\u00eda y gestor\u00eda integral para empresas en Espa\u00f1a. Optimiza tu negocio con nuestros servicios profesionales y personalizados. \u00a1Cont\u00e1ctanos!\" \/>\n<meta name=\"robots\" content=\"index, follow, max-snippet:-1, max-image-preview:large, max-video-preview:-1\" \/>\n<link rel=\"canonical\" href=\"https:\/\/accountingservicesinspain.com\/en\/\" \/>\n<meta property=\"og:locale\" content=\"en_US\" \/>\n<meta property=\"og:type\" content=\"article\" \/>\n<meta property=\"og:title\" content=\"Abrir un Negocio en Espa\u00f1a | Gestoria Ramon Santafe\" \/>\n<meta property=\"og:description\" content=\"Ofrecemos asesor\u00eda y gestor\u00eda integral para empresas en Espa\u00f1a. Optimiza tu negocio con nuestros servicios profesionales y personalizados. \u00a1Cont\u00e1ctanos!\" \/>\n<meta property=\"og:url\" content=\"https:\/\/accountingservicesinspain.com\/en\/\" \/>\n<meta property=\"og:site_name\" content=\"Gestor\u00eda Ram\u00f3n Santaf\u00e9 S.L.\" \/>\n<meta property=\"article:modified_time\" content=\"2025-12-09T12:48:06+00:00\" \/>\n<meta name=\"twitter:card\" content=\"summary_large_image\" \/>\n<meta name=\"twitter:label1\" content=\"Est. reading time\" \/>\n\t<meta name=\"twitter:data1\" content=\"1 minute\" \/>\n<script type=\"application\/ld+json\" class=\"yoast-schema-graph\">{\"@context\":\"https:\/\/schema.org\",\"@graph\":[{\"@type\":\"WebPage\",\"@id\":\"https:\/\/accountingservicesinspain.com\/en\/\",\"url\":\"https:\/\/accountingservicesinspain.com\/en\/\",\"name\":\"Abrir un Negocio en Espa\u00f1a | Gestoria Ramon Santafe\",\"isPartOf\":{\"@id\":\"https:\/\/accountingservicesinspain.com\/#website\"},\"datePublished\":\"2017-06-08T09:06:48+00:00\",\"dateModified\":\"2025-12-09T12:48:06+00:00\",\"description\":\"Ofrecemos asesor\u00eda y gestor\u00eda integral para empresas en Espa\u00f1a. Optimiza tu negocio con nuestros servicios profesionales y personalizados. \u00a1Cont\u00e1ctanos!\",\"breadcrumb\":{\"@id\":\"https:\/\/accountingservicesinspain.com\/en\/#breadcrumb\"},\"inLanguage\":\"en-US\",\"potentialAction\":[{\"@type\":\"ReadAction\",\"target\":[\"https:\/\/accountingservicesinspain.com\/en\/\"]}]},{\"@type\":\"BreadcrumbList\",\"@id\":\"https:\/\/accountingservicesinspain.com\/en\/#breadcrumb\",\"itemListElement\":[{\"@type\":\"ListItem\",\"position\":1,\"name\":\"Home\",\"item\":\"https:\/\/accountingservicesinspain.com\/en\/\"},{\"@type\":\"ListItem\",\"position\":2,\"name\":\"Homepage\"}]},{\"@type\":\"WebSite\",\"@id\":\"https:\/\/accountingservicesinspain.com\/#website\",\"url\":\"https:\/\/accountingservicesinspain.com\/\",\"name\":\"Gestor\u00eda Ram\u00f3n Santaf\u00e9 S.L.\",\"description\":\"Accounting Office in Spain\",\"publisher\":{\"@id\":\"https:\/\/accountingservicesinspain.com\/#organization\"},\"potentialAction\":[{\"@type\":\"SearchAction\",\"target\":{\"@type\":\"EntryPoint\",\"urlTemplate\":\"https:\/\/accountingservicesinspain.com\/?s={search_term_string}\"},\"query-input\":{\"@type\":\"PropertyValueSpecification\",\"valueRequired\":true,\"valueName\":\"search_term_string\"}}],\"inLanguage\":\"en-US\"},{\"@type\":\"Organization\",\"@id\":\"https:\/\/accountingservicesinspain.com\/#organization\",\"name\":\"Gestoria Ramon Santafe S.L.P.\",\"url\":\"https:\/\/accountingservicesinspain.com\/\",\"logo\":{\"@type\":\"ImageObject\",\"inLanguage\":\"en-US\",\"@id\":\"https:\/\/accountingservicesinspain.com\/#\/schema\/logo\/image\/\",\"url\":\"https:\/\/accountingservicesinspain.com\/wp-content\/uploads\/2020\/11\/logo_aois.png\",\"contentUrl\":\"https:\/\/accountingservicesinspain.com\/wp-content\/uploads\/2020\/11\/logo_aois.png\",\"width\":379,\"height\":121,\"caption\":\"Gestoria Ramon Santafe S.L.P.\"},\"image\":{\"@id\":\"https:\/\/accountingservicesinspain.com\/#\/schema\/logo\/image\/\"}}]}<\/script>\n<!-- \/ Yoast SEO plugin. -->","yoast_head_json":{"title":"Abrir un Negocio en Espa\u00f1a | Gestoria Ramon Santafe","description":"Ofrecemos asesor\u00eda y gestor\u00eda integral para empresas en Espa\u00f1a. Optimiza tu negocio con nuestros servicios profesionales y personalizados. \u00a1Cont\u00e1ctanos!","robots":{"index":"index","follow":"follow","max-snippet":"max-snippet:-1","max-image-preview":"max-image-preview:large","max-video-preview":"max-video-preview:-1"},"canonical":"https:\/\/accountingservicesinspain.com\/en\/","og_locale":"en_US","og_type":"article","og_title":"Abrir un Negocio en Espa\u00f1a | Gestoria Ramon Santafe","og_description":"Ofrecemos asesor\u00eda y gestor\u00eda integral para empresas en Espa\u00f1a. Optimiza tu negocio con nuestros servicios profesionales y personalizados. \u00a1Cont\u00e1ctanos!","og_url":"https:\/\/accountingservicesinspain.com\/en\/","og_site_name":"Gestor\u00eda Ram\u00f3n Santaf\u00e9 S.L.","article_modified_time":"2025-12-09T12:48:06+00:00","twitter_card":"summary_large_image","twitter_misc":{"Est. reading time":"1 minute"},"schema":{"@context":"https:\/\/schema.org","@graph":[{"@type":"WebPage","@id":"https:\/\/accountingservicesinspain.com\/en\/","url":"https:\/\/accountingservicesinspain.com\/en\/","name":"Abrir un Negocio en Espa\u00f1a | Gestoria Ramon Santafe","isPartOf":{"@id":"https:\/\/accountingservicesinspain.com\/#website"},"datePublished":"2017-06-08T09:06:48+00:00","dateModified":"2025-12-09T12:48:06+00:00","description":"Ofrecemos asesor\u00eda y gestor\u00eda integral para empresas en Espa\u00f1a. Optimiza tu negocio con nuestros servicios profesionales y personalizados. \u00a1Cont\u00e1ctanos!","breadcrumb":{"@id":"https:\/\/accountingservicesinspain.com\/en\/#breadcrumb"},"inLanguage":"en-US","potentialAction":[{"@type":"ReadAction","target":["https:\/\/accountingservicesinspain.com\/en\/"]}]},{"@type":"BreadcrumbList","@id":"https:\/\/accountingservicesinspain.com\/en\/#breadcrumb","itemListElement":[{"@type":"ListItem","position":1,"name":"Home","item":"https:\/\/accountingservicesinspain.com\/en\/"},{"@type":"ListItem","position":2,"name":"Homepage"}]},{"@type":"WebSite","@id":"https:\/\/accountingservicesinspain.com\/#website","url":"https:\/\/accountingservicesinspain.com\/","name":"Gestor\u00eda Ram\u00f3n Santaf\u00e9 S.L.","description":"Accounting Office in Spain","publisher":{"@id":"https:\/\/accountingservicesinspain.com\/#organization"},"potentialAction":[{"@type":"SearchAction","target":{"@type":"EntryPoint","urlTemplate":"https:\/\/accountingservicesinspain.com\/?s={search_term_string}"},"query-input":{"@type":"PropertyValueSpecification","valueRequired":true,"valueName":"search_term_string"}}],"inLanguage":"en-US"},{"@type":"Organization","@id":"https:\/\/accountingservicesinspain.com\/#organization","name":"Gestoria Ramon Santafe S.L.P.","url":"https:\/\/accountingservicesinspain.com\/","logo":{"@type":"ImageObject","inLanguage":"en-US","@id":"https:\/\/accountingservicesinspain.com\/#\/schema\/logo\/image\/","url":"https:\/\/accountingservicesinspain.com\/wp-content\/uploads\/2020\/11\/logo_aois.png","contentUrl":"https:\/\/accountingservicesinspain.com\/wp-content\/uploads\/2020\/11\/logo_aois.png","width":379,"height":121,"caption":"Gestoria Ramon Santafe S.L.P."},"image":{"@id":"https:\/\/accountingservicesinspain.com\/#\/schema\/logo\/image\/"}}]}},"_links":{"self":[{"href":"https:\/\/accountingservicesinspain.com\/en\/wp-json\/wp\/v2\/pages\/1851","targetHints":{"allow":["GET"]}}],"collection":[{"href":"https:\/\/accountingservicesinspain.com\/en\/wp-json\/wp\/v2\/pages"}],"about":[{"href":"https:\/\/accountingservicesinspain.com\/en\/wp-json\/wp\/v2\/types\/page"}],"author":[{"embeddable":true,"href":"https:\/\/accountingservicesinspain.com\/en\/wp-json\/wp\/v2\/users\/5"}],"replies":[{"embeddable":true,"href":"https:\/\/accountingservicesinspain.com\/en\/wp-json\/wp\/v2\/comments?post=1851"}],"version-history":[{"count":6,"href":"https:\/\/accountingservicesinspain.com\/en\/wp-json\/wp\/v2\/pages\/1851\/revisions"}],"predecessor-version":[{"id":2715,"href":"https:\/\/accountingservicesinspain.com\/en\/wp-json\/wp\/v2\/pages\/1851\/revisions\/2715"}],"wp:attachment":[{"href":"https:\/\/accountingservicesinspain.com\/en\/wp-json\/wp\/v2\/media?parent=1851"}],"curies":[{"name":"wp","href":"https:\/\/api.w.org\/{rel}","templated":true}]}}